{"id":2434,"date":"2015-09-22T21:38:50","date_gmt":"2015-09-22T19:38:50","guid":{"rendered":"http:\/\/laufkatrinlauf.de\/?page_id=2434"},"modified":"2020-12-03T15:56:54","modified_gmt":"2020-12-03T14:56:54","slug":"laufausstattung","status":"publish","type":"page","link":"https:\/\/laufkatrinlauf.de\/?page_id=2434","title":{"rendered":"Laufausstattung"},"content":{"rendered":"<p>Auf der Suche nach neuen Laufschuhen?<\/p>\n<p style=\"padding-left: 30px;\"><a title=\"Laufschuhe\" href=\"https:\/\/laufkatrinlauf.de\/?p=2456\">Laufschuhe<\/a><\/p>\n<p style=\"text-align: center;\">__________________________________________<\/p>\n<p>Internationale Fachmesse f\u00fcr Sportartikel und Sportmode:<\/p>\n<p style=\"padding-left: 30px;\"><a href=\"https:\/\/laufkatrinlauf.de\/?p=2600\" target=\"_blank\" rel=\"noopener noreferrer\">Impressionen bei der ISPO 2016 in M\u00fcnchen<\/a><\/p>\n<p style=\"padding-left: 30px;\"><a href=\"https:\/\/laufkatrinlauf.de\/?p=3189\" target=\"_blank\" rel=\"noopener noreferrer\">Erlebnisse auf der ISPO 2017<\/a><\/p>\n<p style=\"padding-left: 30px;\"><a href=\"https:\/\/laufkatrinlauf.de\/?p=3606\" target=\"_blank\" rel=\"noopener noreferrer\">Eindr\u00fccke von der ISPO 2018<\/a><\/p>\n<p style=\"text-align: center;\">__________________________________________<\/p>\n<p>Welche Laufsocke?<\/p>\n<p style=\"padding-left: 30px;\"><a href=\"https:\/\/laufkatrinlauf.de\/?p=2674\">Sockenwahl<\/a><\/p>\n<p style=\"text-align: center;\">__________________________________________<\/p>\n<p>Mobilisierung und Regeneration mit der<\/p>\n<p style=\"padding-left: 40px;\"><a href=\"https:\/\/laufkatrinlauf.de\/?p=4036\" target=\"_blank\" rel=\"noopener noreferrer\">Faszienrolle<\/a><\/p>\n<p style=\"text-align: left;\">oder andere <a href=\"https:\/\/laufkatrinlauf.de\/?p=4127\" target=\"_blank\" rel=\"noopener noreferrer\">Helfer<\/a> beim Training<br \/>__________________________________________<\/p>\n\n\n<p><\/p>\n","protected":false},"excerpt":{"rendered":"<p>Auf der Suche nach neuen Laufschuhen? Laufschuhe __________________________________________ Internationale Fachmesse f\u00fcr Sportartikel und Sportmode: Impressionen bei der ISPO 2016 in M\u00fcnchen Erlebnisse auf der ISPO 2017 Eindr\u00fccke von der ISPO 2018 __________________________________________ Welche Laufsocke? Sockenwahl __________________________________________ Mobilisierung und Regeneration mit der Faszienrolle oder andere Helfer beim Training__________________________________________<\/p>\n","protected":false},"author":1,"featured_media":0,"parent":0,"menu_order":0,"comment_status":"open","ping_status":"open","template":"","meta":{"footnotes":""},"class_list":["post-2434","page","type-page","status-publish","hentry"],"_links":{"self":[{"href":"https:\/\/laufkatrinlauf.de\/index.php?rest_route=\/wp\/v2\/pages\/2434","targetHints":{"allow":["GET"]}}],"collection":[{"href":"https:\/\/laufkatrinlauf.de\/index.php?rest_route=\/wp\/v2\/pages"}],"about":[{"href":"https:\/\/laufkatrinlauf.de\/index.php?rest_route=\/wp\/v2\/types\/page"}],"author":[{"embeddable":true,"href":"https:\/\/laufkatrinlauf.de\/index.php?rest_route=\/wp\/v2\/users\/1"}],"replies":[{"embeddable":true,"href":"https:\/\/laufkatrinlauf.de\/index.php?rest_route=%2Fwp%2Fv2%2Fcomments&post=2434"}],"version-history":[{"count":30,"href":"https:\/\/laufkatrinlauf.de\/index.php?rest_route=\/wp\/v2\/pages\/2434\/revisions"}],"predecessor-version":[{"id":4136,"href":"https:\/\/laufkatrinlauf.de\/index.php?rest_route=\/wp\/v2\/pages\/2434\/revisions\/4136"}],"wp:attachment":[{"href":"https:\/\/laufkatrinlauf.de\/index.php?rest_route=%2Fwp%2Fv2%2Fmedia&parent=2434"}],"curies":[{"name":"wp","href":"https:\/\/api.w.org\/{rel}","templated":true}]}}